{"id":529,"date":"2023-09-07T14:48:07","date_gmt":"2023-09-07T12:48:07","guid":{"rendered":"https:\/\/reformasintegralesodos.com\/?page_id=529"},"modified":"2023-11-09T13:05:02","modified_gmt":"2023-11-09T12:05:02","slug":"aviso-legal","status":"publish","type":"page","link":"https:\/\/brikoassist.es\/en\/legal-notice\/","title":{"rendered":"Legal Notice"},"content":{"rendered":"<div data-elementor-type=\"wp-page\" data-elementor-id=\"529\" class=\"elementor elementor-529\" data-elementor-post-type=\"page\">\n\t\t\t\t\t\t<section class=\"elementor-section elementor-top-section elementor-element elementor-element-404b59c elementor-section-height-min-height elementor-section-boxed elementor-section-height-default elementor-section-items-middle\" data-id=\"404b59c\" data-element_type=\"section\" data-e-type=\"section\" data-settings=\"{&quot;background_background&quot;:&quot;classic&quot;}\">\n\t\t\t\t\t\t\t<div class=\"elementor-background-overlay\"><\/div>\n\t\t\t\t\t\t\t<div class=\"elementor-container elementor-column-gap-no\">\n\t\t\t\t\t<div class=\"elementor-column elementor-col-100 elementor-top-column elementor-element elementor-element-0cad971\" data-id=\"0cad971\" data-element_type=\"column\" data-e-type=\"column\">\n\t\t\t<div class=\"elementor-widget-wrap elementor-element-populated\">\n\t\t\t\t\t\t<div class=\"elementor-element elementor-element-5998422 elementor-widget elementor-widget-spacer\" data-id=\"5998422\" data-element_type=\"widget\" data-e-type=\"widget\" data-widget_type=\"spacer.default\">\n\t\t\t\t<div class=\"elementor-widget-container\">\n\t\t\t\t\t\t\t<div class=\"elementor-spacer\">\n\t\t\t<div class=\"elementor-spacer-inner\"><\/div>\n\t\t<\/div>\n\t\t\t\t\t\t<\/div>\n\t\t\t\t<\/div>\n\t\t\t\t<div class=\"elementor-element elementor-element-9bde7b9 elementor-widget elementor-widget-heading\" data-id=\"9bde7b9\" data-element_type=\"widget\" data-e-type=\"widget\" data-widget_type=\"heading.default\">\n\t\t\t\t<div class=\"elementor-widget-container\">\n\t\t\t\t\t<h2 class=\"elementor-heading-title elementor-size-default\">Legal Notice<\/h2>\t\t\t\t<\/div>\n\t\t\t\t<\/div>\n\t\t\t\t\t<\/div>\n\t\t<\/div>\n\t\t\t\t\t<\/div>\n\t\t<\/section>\n\t\t\t\t<section class=\"elementor-section elementor-top-section elementor-element elementor-element-0f59450 elementor-section-boxed elementor-section-height-default elementor-section-height-default\" data-id=\"0f59450\" data-element_type=\"section\" data-e-type=\"section\">\n\t\t\t\t\t\t<div class=\"elementor-container elementor-column-gap-default\">\n\t\t\t\t\t<div class=\"elementor-column elementor-col-16 elementor-top-column elementor-element elementor-element-e69357a\" data-id=\"e69357a\" data-element_type=\"column\" data-e-type=\"column\">\n\t\t\t<div class=\"elementor-widget-wrap\">\n\t\t\t\t\t\t\t<\/div>\n\t\t<\/div>\n\t\t\t\t<div class=\"elementor-column elementor-col-66 elementor-top-column elementor-element elementor-element-3c1731a\" data-id=\"3c1731a\" data-element_type=\"column\" data-e-type=\"column\">\n\t\t\t<div class=\"elementor-widget-wrap elementor-element-populated\">\n\t\t\t\t\t\t<div class=\"elementor-element elementor-element-61efa57 elementor-widget elementor-widget-text-editor\" data-id=\"61efa57\" data-element_type=\"widget\" data-e-type=\"widget\" data-widget_type=\"text-editor.default\">\n\t\t\t\t<div class=\"elementor-widget-container\">\n\t\t\t\t\t\t\t\t\t<p>This LEGAL NOTICE regulates the rights and obligations of brikoassist.es and users in relation to accessing, browsing and using this website, without prejudice to the fact that https:\/\/brikoassist.es\/ reserves the right to modify its content without prior notice, with those published at the time of browsing remaining in force.<br \/>By browsing, viewing and using this website you acquire the status of user, and therefore implies your express acceptance of all the clauses indicated in this Legal Notice, as well as the other warnings or specific clauses that are established in the different sections for the contracting, use of services, products, registrations, or sections of the Page.<br \/>Therefore, if you do not accept the clauses set out in this Legal Notice, you must refrain from accessing and\/or using the services and\/or contents made available to you on the Site, and you must leave the Site.<br \/>brikoassist.es may terminate, suspend or interrupt, at any time without prior notice, access to the contents of the site, without the User being able to claim any compensation whatsoever. However, in the event of closure of the platform, any payments made for annual subscriptions that have not been completed will be refunded.<\/p><p><br \/><strong>Personal and fiscal information of the person responsible for the website<\/strong><br \/>Company: Adrian Gheorghe Tigaroi<br \/>VAT NO: X6429803S<br \/>Business Name: BrikoAssist<br \/>Telephone: 687485751<br \/>Website name: https:\/\/brikoassist.es\/<\/p><p><strong>Form of income:<\/strong><br \/>The ** brikoassist.co.uk ** website is a corporate website that does not generate online revenue.<\/p><p><strong>Services:<\/strong><br \/>- Air conditioning<br \/>- Painting and masonry<br \/>- Handyman Persianista<br \/>- Electric Handyman<br \/>- Handyman Plumber<br \/>- Do-it-yourselfers<br \/>- Bathroom Enclosures<\/p>\t\t\t\t\t\t\t\t<\/div>\n\t\t\t\t<\/div>\n\t\t\t\t<div class=\"elementor-element elementor-element-5a7313e elementor-widget elementor-widget-heading\" data-id=\"5a7313e\" data-element_type=\"widget\" data-e-type=\"widget\" data-widget_type=\"heading.default\">\n\t\t\t\t<div class=\"elementor-widget-container\">\n\t\t\t\t\t<h4 class=\"elementor-heading-title elementor-size-default\">Terms of use<\/h4>\t\t\t\t<\/div>\n\t\t\t\t<\/div>\n\t\t\t\t<div class=\"elementor-element elementor-element-8fdb463 elementor-widget elementor-widget-text-editor\" data-id=\"8fdb463\" data-element_type=\"widget\" data-e-type=\"widget\" data-widget_type=\"text-editor.default\">\n\t\t\t\t<div class=\"elementor-widget-container\">\n\t\t\t\t\t\t\t\t\t<p>If you browse this website you tacitly accept the terms of use and privacy terms, as well as declaring that you have read the legal notice.<br \/>Neither this website nor its legal representatives are responsible for the content or the veracity of the privacy policies that third party services outside this website may have.<br \/>Copying or transcribing all or part of any text from this website for any use is expressly prohibited. The texts on this website are meant to be read only, please refrain from using them for any other purpose.<br \/>Copying or downloading of images from this website is expressly prohibited.<br \/>Hotlinking of images from this website is not permitted.<br \/>It is permitted to copy and use the HTML structures and CSS styles used in this website, as long as it is only partially and never the whole of the format, generating a website identical to this one.<br \/>In the event of non-compliance with these conditions, we may be obliged to take appropriate legal action.<\/p>\t\t\t\t\t\t\t\t<\/div>\n\t\t\t\t<\/div>\n\t\t\t\t\t<\/div>\n\t\t<\/div>\n\t\t\t\t<div class=\"elementor-column elementor-col-16 elementor-top-column elementor-element elementor-element-0754e3a\" data-id=\"0754e3a\" data-element_type=\"column\" data-e-type=\"column\">\n\t\t\t<div class=\"elementor-widget-wrap\">\n\t\t\t\t\t\t\t<\/div>\n\t\t<\/div>\n\t\t\t\t\t<\/div>\n\t\t<\/section>\n\t\t\t\t<\/div>","protected":false},"excerpt":{"rendered":"<p>Aviso Legal El presente AVISO LEGAL regula los derechos y obligaciones del brikoassist.es y de los usuarios, en relaci\u00f3n al acceso, navegaci\u00f3n y utilizaci\u00f3n de la presente web sin perjuicio de que https:\/\/brikoassist.es\/ se reserve el derecho a modificar, sin previo aviso, su contenido, siendo vigentes las que se encuentren publicadas en el momento de [&hellip;]<\/p>","protected":false},"author":1,"featured_media":0,"parent":0,"menu_order":0,"comment_status":"closed","ping_status":"closed","template":"","meta":{"_monsterinsights_skip_tracking":false,"_monsterinsights_sitenote_active":false,"_monsterinsights_sitenote_note":"","_monsterinsights_sitenote_category":0,"site-sidebar-layout":"no-sidebar","site-content-layout":"page-builder","ast-site-content-layout":"full-width-container","site-content-style":"default","site-sidebar-style":"default","ast-global-header-display":"","ast-banner-title-visibility":"","ast-main-header-display":"","ast-hfb-above-header-display":"","ast-hfb-below-header-display":"","ast-hfb-mobile-header-display":"","site-post-title":"disabled","ast-breadcrumbs-content":"","ast-featured-img":"disabled","footer-sml-layout":"","ast-disable-related-posts":"","theme-transparent-header-meta":"","adv-header-id-meta":"","stick-header-meta":"","header-above-stick-meta":"","header-main-stick-meta":"","header-below-stick-meta":"","astra-migrate-meta-layouts":"default","ast-page-background-enabled":"default","ast-page-background-meta":{"desktop":{"background-color":"","background-image":"","background-repeat":"repeat","background-position":"center center","background-size":"auto","background-attachment":"scroll","background-type":"","background-media":"","overlay-type":"","overlay-color":"","overlay-opacity":"","overlay-gradient":""},"tablet":{"background-color":"","background-image":"","background-repeat":"repeat","background-position":"center center","background-size":"auto","background-attachment":"scroll","background-type":"","background-media":"","overlay-type":"","overlay-color":"","overlay-opacity":"","overlay-gradient":""},"mobile":{"background-color":"","background-image":"","background-repeat":"repeat","background-position":"center center","background-size":"auto","background-attachment":"scroll","background-type":"","background-media":"","overlay-type":"","overlay-color":"","overlay-opacity":"","overlay-gradient":""}},"ast-content-background-meta":{"desktop":{"background-color":"var(--ast-global-color-5)","background-image":"","background-repeat":"repeat","background-position":"center center","background-size":"auto","background-attachment":"scroll","background-type":"","background-media":"","overlay-type":"","overlay-color":"","overlay-opacity":"","overlay-gradient":""},"tablet":{"background-color":"var(--ast-global-color-5)","background-image":"","background-repeat":"repeat","background-position":"center center","background-size":"auto","background-attachment":"scroll","background-type":"","background-media":"","overlay-type":"","overlay-color":"","overlay-opacity":"","overlay-gradient":""},"mobile":{"background-color":"var(--ast-global-color-5)","background-image":"","background-repeat":"repeat","background-position":"center center","background-size":"auto","background-attachment":"scroll","background-type":"","background-media":"","overlay-type":"","overlay-color":"","overlay-opacity":"","overlay-gradient":""}},"footnotes":""},"class_list":["post-529","page","type-page","status-publish","hentry"],"_hostinger_reach_plugin_has_subscription_block":false,"_hostinger_reach_plugin_is_elementor":false,"_links":{"self":[{"href":"https:\/\/brikoassist.es\/en\/wp-json\/wp\/v2\/pages\/529","targetHints":{"allow":["GET"]}}],"collection":[{"href":"https:\/\/brikoassist.es\/en\/wp-json\/wp\/v2\/pages"}],"about":[{"href":"https:\/\/brikoassist.es\/en\/wp-json\/wp\/v2\/types\/page"}],"author":[{"embeddable":true,"href":"https:\/\/brikoassist.es\/en\/wp-json\/wp\/v2\/users\/1"}],"replies":[{"embeddable":true,"href":"https:\/\/brikoassist.es\/en\/wp-json\/wp\/v2\/comments?post=529"}],"version-history":[{"count":54,"href":"https:\/\/brikoassist.es\/en\/wp-json\/wp\/v2\/pages\/529\/revisions"}],"predecessor-version":[{"id":1539,"href":"https:\/\/brikoassist.es\/en\/wp-json\/wp\/v2\/pages\/529\/revisions\/1539"}],"wp:attachment":[{"href":"https:\/\/brikoassist.es\/en\/wp-json\/wp\/v2\/media?parent=529"}],"curies":[{"name":"wp","href":"https:\/\/api.w.org\/{rel}","templated":true}]}}